{"id":19,"date":"2024-12-09T16:46:38","date_gmt":"2024-12-09T16:46:38","guid":{"rendered":"https:\/\/nave25.com\/?page_id=19"},"modified":"2026-01-05T08:47:43","modified_gmt":"2026-01-05T08:47:43","slug":"contacto-2","status":"publish","type":"page","link":"https:\/\/nave25.com\/?page_id=19","title":{"rendered":"Contacto"},"content":{"rendered":"\n<div class=\"wp-block-group has-global-padding is-layout-constrained wp-block-group-is-layout-constrained\">\n<div class=\"wp-block-columns are-vertically-aligned-top is-layout-flex wp-container-core-columns-is-layout-d7d455e7 wp-block-columns-is-layout-flex\" style=\"padding-top:0;padding-right:0;padding-bottom:0;padding-left:0\">\n<div class=\"wp-block-column is-vertically-aligned-top is-layout-flow wp-block-column-is-layout-flow\" style=\"padding-right:7%;flex-basis:50%\">\n<h2 class=\"wp-block-heading has-large-font-size\">\u00bfPreparado\/a para iniciar tu pr\u00f3ximo Proyecto?<\/h2>\n\n\n\n<p>Sabemos que aunque vivas en Conil de la Frontera y sea un id\u00edlico paraiso, trabajar en casa se queda peque\u00f1o. Por eso hemos apostado por crear un espacio \u00fanico en el que puedas salir de la cueva, tener tu puesto de trabajo flexible, acudir a eventos empresariales y participar en actividades team building en exclusiva o con otras empresas.<\/p>\n\n\n\n<p><strong>\u00bfSuena bien verdad? <\/strong><\/p>\n<\/div>\n\n\n\n<div class=\"wp-block-column is-vertically-aligned-top is-layout-flow wp-block-column-is-layout-flow\" style=\"flex-basis:50%\">\n<iframe src=\"https:\/\/www.google.com\/maps\/embed?pb=!1m18!1m12!1m3!1d25721.6111797036!2d-6.0979182911268!3d36.3074226830364!2m3!1f0!2f0!3f0!3m2!1i1024!2i768!4f13.1!3m3!1m2!1s0xd0c3758943e1eef%3A0xccdb90162b78243b!2sNave%2025!5e0!3m2!1ses!2ses!4v1733767163395!5m2!1ses!2ses\" width=\"400\" height=\"300\" style=\"border:0;\" allowfullscreen=\"\" loading=\"lazy\" referrerpolicy=\"no-referrer-when-downgrade\"><\/iframe>\n<\/div>\n<\/div>\n\n\n\n<div style=\"height:22px\" aria-hidden=\"true\" class=\"wp-block-spacer\"><\/div>\n<\/div>\n\n\n\n<div class=\"wp-block-group alignfull has-global-padding is-layout-constrained wp-container-core-group-is-layout-19e250f3 wp-block-group-is-layout-constrained\">\n<div class=\"wp-block-columns alignfull are-vertically-aligned-center has-light-background-background-color has-background is-layout-flex wp-container-core-columns-is-layout-dd282781 wp-block-columns-is-layout-flex\" style=\"padding-top:0;padding-right:0;padding-bottom:0;padding-left:0\">\n<div class=\"wp-block-column is-vertically-aligned-center is-layout-flow wp-block-column-is-layout-flow\" style=\"padding-top:var(--wp--preset--spacing--small);padding-right:var(--wp--preset--spacing--small);padding-bottom:var(--wp--preset--spacing--small);padding-left:2%;flex-basis:50%\">\n<p><\/p>\n\n\n\n<h3 class=\"wp-block-heading\"><strong>Direcci\u00f3n<\/strong><\/h3>\n\n\n\n<p>Avenida Artesanos, 25 &#8211; Conil de la Frontera &#8211; 11140<\/p>\n\n\n\n<h3 class=\"wp-block-heading\"><strong>Email<\/strong><\/h3>\n\n\n\n<p>hola@nave25.com<\/p>\n\n\n\n<h3 class=\"wp-block-heading\"><strong>Tel\u00e9fono<\/strong><\/h3>\n\n\n\n<p>+34 638 55 64 62\/ +34 613 77 65 13<\/p>\n<\/div>\n<\/div>\n<\/div>\n\n\n\n<div class=\"wp-block-group alignfull has-background has-global-padding is-layout-constrained wp-block-group-is-layout-constrained\" style=\"background-color:#f9f9f9\"><\/div>\n\n\n\n<div class=\"wp-block-group has-global-padding is-layout-constrained wp-block-group-is-layout-constrained\">\n<div style=\"height:33px\" aria-hidden=\"true\" class=\"wp-block-spacer\"><\/div>\n\n\n\n<div style=\"height:45px\" aria-hidden=\"true\" class=\"wp-block-spacer\"><\/div>\n<\/div>\n\n\n\n<p><\/p>\n","protected":false},"excerpt":{"rendered":"<p>\u00bfPreparado\/a para iniciar tu pr\u00f3ximo Proyecto? Sabemos que aunque vivas en Conil de la Frontera y sea un id\u00edlico paraiso, trabajar en casa se queda peque\u00f1o. Por eso hemos apostado por crear un espacio \u00fanico en el que puedas salir de la cueva, tener tu puesto de trabajo flexible, acudir [&hellip;]<\/p>\n","protected":false},"author":1,"featured_media":16,"parent":0,"menu_order":0,"comment_status":"closed","ping_status":"closed","template":"","meta":{"inspiro_page_layout":"narrow","inspiro_hide_title":false,"footnotes":""},"class_list":["post-19","page","type-page","status-publish","has-post-thumbnail","hentry"],"_links":{"self":[{"href":"https:\/\/nave25.com\/index.php?rest_route=\/wp\/v2\/pages\/19","targetHints":{"allow":["GET"]}}],"collection":[{"href":"https:\/\/nave25.com\/index.php?rest_route=\/wp\/v2\/pages"}],"about":[{"href":"https:\/\/nave25.com\/index.php?rest_route=\/wp\/v2\/types\/page"}],"author":[{"embeddable":true,"href":"https:\/\/nave25.com\/index.php?rest_route=\/wp\/v2\/users\/1"}],"replies":[{"embeddable":true,"href":"https:\/\/nave25.com\/index.php?rest_route=%2Fwp%2Fv2%2Fcomments&post=19"}],"version-history":[{"count":5,"href":"https:\/\/nave25.com\/index.php?rest_route=\/wp\/v2\/pages\/19\/revisions"}],"predecessor-version":[{"id":135,"href":"https:\/\/nave25.com\/index.php?rest_route=\/wp\/v2\/pages\/19\/revisions\/135"}],"wp:featuredmedia":[{"embeddable":true,"href":"https:\/\/nave25.com\/index.php?rest_route=\/wp\/v2\/media\/16"}],"wp:attachment":[{"href":"https:\/\/nave25.com\/index.php?rest_route=%2Fwp%2Fv2%2Fmedia&parent=19"}],"curies":[{"name":"wp","href":"https:\/\/api.w.org\/{rel}","templated":true}]}}